{"id":95,"date":"2019-07-17T19:43:10","date_gmt":"2019-07-17T17:43:10","guid":{"rendered":"http:\/\/matierebleue.fr\/?page_id=95"},"modified":"2023-03-19T15:26:43","modified_gmt":"2023-03-19T14:26:43","slug":"vos-projets","status":"publish","type":"page","link":"https:\/\/matierebleue.fr\/index.php\/vos-projets\/","title":{"rendered":"Vos projets"},"content":{"rendered":"\n<div class=\"wp-block-columns is-layout-flex wp-container-core-columns-is-layout-9d6595d7 wp-block-columns-is-layout-flex\">\n<div class=\"wp-block-column is-layout-flow wp-block-column-is-layout-flow\" style=\"flex-basis:100%\">\n<h2 class=\"wp-block-heading\"><strong><span style=\"color:#2f45b4\" class=\"has-inline-color\">Vous souhaitez \u00eatre accompagn\u00e9(e) pour :  <\/span><\/strong><\/h2>\n<\/div>\n<\/div>\n\n\n\n<ul class=\"wp-block-list\"><li><strong>D\u00e9velopper votre leadership<\/strong>, gagner en performance et impact <\/li><li><strong>Rep\u00e9rer les talents <\/strong>et d\u00e9velopper les performances de votre \u00e9quipe de management<\/li><li>F\u00e9d\u00e9rer et <strong>engager vos \u00e9quipes autour d&rsquo;un projet collectif<\/strong><\/li><li><strong>Permettre l&rsquo;expression de l&rsquo;intelligence collective<\/strong> au sein de votre organisation<\/li><li><strong>D\u00e9velopper votre entreprise<\/strong> sur ses m\u00e9tiers existants<\/li><li><strong>Identifier et actionner de<\/strong> <strong>nouveaux leviers de croissance<\/strong><\/li><li><strong>R\u00e9ussir <\/strong>vos op\u00e9rations de <strong>croissance<\/strong> <strong>externe<\/strong><\/li><li><strong>Transformer <\/strong>une situation de crise<strong> en opportunit\u00e9<\/strong><\/li><\/ul>\n\n\n\n<p><a href=\"https:\/\/matierebleue.fr\/index.php\/contact\/\">En savoir plus<\/a><\/p>\n","protected":false},"excerpt":{"rendered":"<p>Vous souhaitez \u00eatre accompagn\u00e9(e) pour : D\u00e9velopper votre leadership, gagner en performance et impact Rep\u00e9rer les talents et d\u00e9velopper les performances de votre \u00e9quipe de management F\u00e9d\u00e9rer et engager vos \u00e9quipes autour d&rsquo;un projet collectif Permettre l&rsquo;expression de l&rsquo;intelligence collective au sein de votre organisation D\u00e9velopper votre entreprise sur ses m\u00e9tiers existants Identifier et actionner &hellip; <\/p>\n<p class=\"link-more\"><a href=\"https:\/\/matierebleue.fr\/index.php\/vos-projets\/\" class=\"more-link\">Continuer la lecture<span class=\"screen-reader-text\"> de &laquo;&nbsp;Vos projets&nbsp;&raquo;<\/span><\/a><\/p>\n","protected":false},"author":1,"featured_media":0,"parent":0,"menu_order":0,"comment_status":"closed","ping_status":"closed","template":"","meta":{"footnotes":""},"class_list":["post-95","page","type-page","status-publish","hentry"],"yoast_head":"<!-- This site is optimized with the Yoast SEO plugin v23.5 - https:\/\/yoast.com\/wordpress\/plugins\/seo\/ -->\n<title>Vos projets de croissance, transformation, innovation<\/title>\n<meta name=\"description\" content=\"D\u00e9velopper votre entreprise, cr\u00e9er de nouvelles activit\u00e9s, r\u00e9aliser des op\u00e9rations de croissance externe : nous facilitons la r\u00e9ussite de vos projets.\" \/>\n<meta name=\"robots\" content=\"index, follow, max-snippet:-1, max-image-preview:large, max-video-preview:-1\" \/>\n<link rel=\"canonical\" href=\"https:\/\/matierebleue.fr\/index.php\/vos-projets\/\" \/>\n<meta property=\"og:locale\" content=\"fr_FR\" \/>\n<meta property=\"og:type\" content=\"article\" \/>\n<meta property=\"og:title\" content=\"Vos projets de croissance, transformation, innovation\" \/>\n<meta property=\"og:description\" content=\"D\u00e9velopper votre entreprise, cr\u00e9er de nouvelles activit\u00e9s, r\u00e9aliser des op\u00e9rations de croissance externe : nous facilitons la r\u00e9ussite de vos projets.\" \/>\n<meta property=\"og:url\" content=\"https:\/\/matierebleue.fr\/index.php\/vos-projets\/\" \/>\n<meta property=\"og:site_name\" content=\"Mati\u00e8re bleue\" \/>\n<meta property=\"article:modified_time\" content=\"2023-03-19T14:26:43+00:00\" \/>\n<meta name=\"twitter:card\" content=\"summary_large_image\" \/>\n<meta name=\"twitter:label1\" content=\"Dur\u00e9e de lecture estim\u00e9e\" \/>\n\t<meta name=\"twitter:data1\" content=\"1 minute\" \/>\n<script type=\"application\/ld+json\" class=\"yoast-schema-graph\">{\"@context\":\"https:\/\/schema.org\",\"@graph\":[{\"@type\":\"WebPage\",\"@id\":\"https:\/\/matierebleue.fr\/index.php\/vos-projets\/\",\"url\":\"https:\/\/matierebleue.fr\/index.php\/vos-projets\/\",\"name\":\"Vos projets de croissance, transformation, innovation\",\"isPartOf\":{\"@id\":\"https:\/\/matierebleue.fr\/#website\"},\"datePublished\":\"2019-07-17T17:43:10+00:00\",\"dateModified\":\"2023-03-19T14:26:43+00:00\",\"description\":\"D\u00e9velopper votre entreprise, cr\u00e9er de nouvelles activit\u00e9s, r\u00e9aliser des op\u00e9rations de croissance externe : nous facilitons la r\u00e9ussite de vos projets.\",\"breadcrumb\":{\"@id\":\"https:\/\/matierebleue.fr\/index.php\/vos-projets\/#breadcrumb\"},\"inLanguage\":\"fr-FR\",\"potentialAction\":[{\"@type\":\"ReadAction\",\"target\":[\"https:\/\/matierebleue.fr\/index.php\/vos-projets\/\"]}]},{\"@type\":\"BreadcrumbList\",\"@id\":\"https:\/\/matierebleue.fr\/index.php\/vos-projets\/#breadcrumb\",\"itemListElement\":[{\"@type\":\"ListItem\",\"position\":1,\"name\":\"Accueil\",\"item\":\"https:\/\/matierebleue.fr\/\"},{\"@type\":\"ListItem\",\"position\":2,\"name\":\"Vos projets\"}]},{\"@type\":\"WebSite\",\"@id\":\"https:\/\/matierebleue.fr\/#website\",\"url\":\"https:\/\/matierebleue.fr\/\",\"name\":\"Mati\u00e8re bleue\",\"description\":\"Partenaire de votre croissance, facilitateur de votre transformation\",\"publisher\":{\"@id\":\"https:\/\/matierebleue.fr\/#organization\"},\"potentialAction\":[{\"@type\":\"SearchAction\",\"target\":{\"@type\":\"EntryPoint\",\"urlTemplate\":\"https:\/\/matierebleue.fr\/?s={search_term_string}\"},\"query-input\":{\"@type\":\"PropertyValueSpecification\",\"valueRequired\":true,\"valueName\":\"search_term_string\"}}],\"inLanguage\":\"fr-FR\"},{\"@type\":\"Organization\",\"@id\":\"https:\/\/matierebleue.fr\/#organization\",\"name\":\"Mati\u00e8re Bleue\",\"url\":\"https:\/\/matierebleue.fr\/\",\"logo\":{\"@type\":\"ImageObject\",\"inLanguage\":\"fr-FR\",\"@id\":\"https:\/\/matierebleue.fr\/#\/schema\/logo\/image\/\",\"url\":\"https:\/\/matierebleue.fr\/wp-content\/uploads\/2019\/07\/logoMB-blanc-1.png\",\"contentUrl\":\"https:\/\/matierebleue.fr\/wp-content\/uploads\/2019\/07\/logoMB-blanc-1.png\",\"width\":6114,\"height\":6014,\"caption\":\"Mati\u00e8re Bleue\"},\"image\":{\"@id\":\"https:\/\/matierebleue.fr\/#\/schema\/logo\/image\/\"}}]}<\/script>\n<!-- \/ Yoast SEO plugin. -->","yoast_head_json":{"title":"Vos projets de croissance, transformation, innovation","description":"D\u00e9velopper votre entreprise, cr\u00e9er de nouvelles activit\u00e9s, r\u00e9aliser des op\u00e9rations de croissance externe : nous facilitons la r\u00e9ussite de vos projets.","robots":{"index":"index","follow":"follow","max-snippet":"max-snippet:-1","max-image-preview":"max-image-preview:large","max-video-preview":"max-video-preview:-1"},"canonical":"https:\/\/matierebleue.fr\/index.php\/vos-projets\/","og_locale":"fr_FR","og_type":"article","og_title":"Vos projets de croissance, transformation, innovation","og_description":"D\u00e9velopper votre entreprise, cr\u00e9er de nouvelles activit\u00e9s, r\u00e9aliser des op\u00e9rations de croissance externe : nous facilitons la r\u00e9ussite de vos projets.","og_url":"https:\/\/matierebleue.fr\/index.php\/vos-projets\/","og_site_name":"Mati\u00e8re bleue","article_modified_time":"2023-03-19T14:26:43+00:00","twitter_card":"summary_large_image","twitter_misc":{"Dur\u00e9e de lecture estim\u00e9e":"1 minute"},"schema":{"@context":"https:\/\/schema.org","@graph":[{"@type":"WebPage","@id":"https:\/\/matierebleue.fr\/index.php\/vos-projets\/","url":"https:\/\/matierebleue.fr\/index.php\/vos-projets\/","name":"Vos projets de croissance, transformation, innovation","isPartOf":{"@id":"https:\/\/matierebleue.fr\/#website"},"datePublished":"2019-07-17T17:43:10+00:00","dateModified":"2023-03-19T14:26:43+00:00","description":"D\u00e9velopper votre entreprise, cr\u00e9er de nouvelles activit\u00e9s, r\u00e9aliser des op\u00e9rations de croissance externe : nous facilitons la r\u00e9ussite de vos projets.","breadcrumb":{"@id":"https:\/\/matierebleue.fr\/index.php\/vos-projets\/#breadcrumb"},"inLanguage":"fr-FR","potentialAction":[{"@type":"ReadAction","target":["https:\/\/matierebleue.fr\/index.php\/vos-projets\/"]}]},{"@type":"BreadcrumbList","@id":"https:\/\/matierebleue.fr\/index.php\/vos-projets\/#breadcrumb","itemListElement":[{"@type":"ListItem","position":1,"name":"Accueil","item":"https:\/\/matierebleue.fr\/"},{"@type":"ListItem","position":2,"name":"Vos projets"}]},{"@type":"WebSite","@id":"https:\/\/matierebleue.fr\/#website","url":"https:\/\/matierebleue.fr\/","name":"Mati\u00e8re bleue","description":"Partenaire de votre croissance, facilitateur de votre transformation","publisher":{"@id":"https:\/\/matierebleue.fr\/#organization"},"potentialAction":[{"@type":"SearchAction","target":{"@type":"EntryPoint","urlTemplate":"https:\/\/matierebleue.fr\/?s={search_term_string}"},"query-input":{"@type":"PropertyValueSpecification","valueRequired":true,"valueName":"search_term_string"}}],"inLanguage":"fr-FR"},{"@type":"Organization","@id":"https:\/\/matierebleue.fr\/#organization","name":"Mati\u00e8re Bleue","url":"https:\/\/matierebleue.fr\/","logo":{"@type":"ImageObject","inLanguage":"fr-FR","@id":"https:\/\/matierebleue.fr\/#\/schema\/logo\/image\/","url":"https:\/\/matierebleue.fr\/wp-content\/uploads\/2019\/07\/logoMB-blanc-1.png","contentUrl":"https:\/\/matierebleue.fr\/wp-content\/uploads\/2019\/07\/logoMB-blanc-1.png","width":6114,"height":6014,"caption":"Mati\u00e8re Bleue"},"image":{"@id":"https:\/\/matierebleue.fr\/#\/schema\/logo\/image\/"}}]}},"_links":{"self":[{"href":"https:\/\/matierebleue.fr\/index.php\/wp-json\/wp\/v2\/pages\/95","targetHints":{"allow":["GET"]}}],"collection":[{"href":"https:\/\/matierebleue.fr\/index.php\/wp-json\/wp\/v2\/pages"}],"about":[{"href":"https:\/\/matierebleue.fr\/index.php\/wp-json\/wp\/v2\/types\/page"}],"author":[{"embeddable":true,"href":"https:\/\/matierebleue.fr\/index.php\/wp-json\/wp\/v2\/users\/1"}],"replies":[{"embeddable":true,"href":"https:\/\/matierebleue.fr\/index.php\/wp-json\/wp\/v2\/comments?post=95"}],"version-history":[{"count":32,"href":"https:\/\/matierebleue.fr\/index.php\/wp-json\/wp\/v2\/pages\/95\/revisions"}],"predecessor-version":[{"id":503,"href":"https:\/\/matierebleue.fr\/index.php\/wp-json\/wp\/v2\/pages\/95\/revisions\/503"}],"wp:attachment":[{"href":"https:\/\/matierebleue.fr\/index.php\/wp-json\/wp\/v2\/media?parent=95"}],"curies":[{"name":"wp","href":"https:\/\/api.w.org\/{rel}","templated":true}]}}