{"id":96,"date":"2019-07-17T19:43:10","date_gmt":"2019-07-17T17:43:10","guid":{"rendered":"http:\/\/matierebleue.fr\/?page_id=96"},"modified":"2021-11-12T21:43:34","modified_gmt":"2021-11-12T20:43:34","slug":"ressources","status":"publish","type":"page","link":"https:\/\/matierebleue.fr\/index.php\/ressources\/","title":{"rendered":"Publications &#038; M\u00e9dias"},"content":{"rendered":"\n<div class=\"wp-block-columns is-layout-flex wp-container-core-columns-is-layout-9d6595d7 wp-block-columns-is-layout-flex\">\n<div class=\"wp-block-column is-layout-flow wp-block-column-is-layout-flow\" style=\"flex-basis:100%\">\n<h3 class=\"wp-block-heading\"><strong><span style=\"color:#2f45b4\" class=\"has-inline-color\">Cr\u00e9er de la valeur en s&rsquo;appuyant sur la qualit\u00e9 du leadership et l&rsquo;intelligence collective<\/span><\/strong><\/h3>\n<\/div>\n<\/div>\n\n\n\n<p><img loading=\"lazy\" decoding=\"async\" width=\"100\" height=\"132\" class=\"wp-image-449\" style=\"width: 100px;\" src=\"https:\/\/matierebleue.fr\/wp-content\/uploads\/2021\/11\/Livre-HP-DCF.png\" alt=\"\" srcset=\"https:\/\/matierebleue.fr\/wp-content\/uploads\/2021\/11\/Livre-HP-DCF.png 308w, https:\/\/matierebleue.fr\/wp-content\/uploads\/2021\/11\/Livre-HP-DCF-228x300.png 228w\" sizes=\"auto, (max-width: 100px) 100vw, 100px\" \/> Dans un environnement en permanente \u00e9volution, \u00e9largir sa vision et optimiser sa croissance passent par la qualit\u00e9 du management de ces catalyseurs d\u2019intelligence collective que sont les \u00ab hauts potentiels \u00bb.\u00a0<\/p>\n\n\n\n<p>Comment attirer, d\u00e9velopper et b\u00e9n\u00e9ficier des atouts de ces talents particuliers&nbsp;? Des cl\u00e9s \u00e0 d\u00e9couvrir dans <a href=\"http:\/\/bit.ly\/2Im7OZP\" target=\"_blank\" rel=\"noreferrer noopener\">Parfois ing\u00e9rables, toujours brillants : rep\u00e9rer, manager et fid\u00e9liser les hauts potentiels<\/a> (<a href=\"https:\/\/www.editions-eyrolles.com\/\" target=\"_blank\" rel=\"noreferrer noopener\">Eyrolles<\/a>, 2019, laur\u00e9at du <a href=\"http:\/\/www.reseau-dcf.fr\/dcf\/prix-dcf-du-livre\" target=\"_blank\" rel=\"noreferrer noopener\">prix DCF<\/a> de l&rsquo;ouvrage de management, 2020).<\/p>\n\n\n\n<p><a href=\"https:\/\/livre.fnac.com\/a13668288\/Sandrine-Rampont-Parfois-ingerables-toujours-brillants\" target=\"_blank\" rel=\"noreferrer noopener\">Commander l&rsquo;ouvrage de Sandrine Rampont<\/a><\/p>\n\n\n\n<div class=\"wp-block-columns is-layout-flex wp-container-core-columns-is-layout-9d6595d7 wp-block-columns-is-layout-flex\">\n<div class=\"wp-block-column is-layout-flow wp-block-column-is-layout-flow\" style=\"flex-basis:100%\">\n<h3 class=\"wp-block-heading\"><strong><span style=\"color:#2f45b4\" class=\"has-inline-color\">G\u00e9n\u00e9rer de la performance durable en r\u00e9conciliant l\u2019entreprise avec tous ses talents<\/span><\/strong><\/h3>\n\n\n\n<p class=\"has-normal-font-size\"><img loading=\"lazy\" decoding=\"async\" width=\"100\" height=\"38\" class=\"wp-image-464\" style=\"width: 100px;\" src=\"https:\/\/matierebleue.fr\/wp-content\/uploads\/2021\/11\/Les-Echos.jpg\" alt=\"\">  Brillants ou \u00e9ternellement discrets, super performants ou compl\u00e8tement brid\u00e9s, parfois un casse-t\u00eate pour leur manager, ces collaborateurs aux comp\u00e9tences rares \u2013 2 % de la population \u2013 sont une v\u00e9ritable chance pour toute organisation. \u00c0 condition de parvenir \u00e0 tirer parti de leurs talents.<\/p>\n\n\n\n<p class=\"has-normal-font-size\"><a href=\"https:\/\/www.lesechos.fr\/idees-debats\/cercle\/opinion-hauts-potentiels-au-travail-mode-demploi-les-cles-pour-une-reussite-collective-1124194\" target=\"_blank\" rel=\"noreferrer noopener\">Acc\u00e9der \u00e0 la Tribune compl\u00e8te des Echos<\/a> <\/p>\n<\/div>\n<\/div>\n\n\n\n<h3 class=\"wp-block-heading\">D\u00e9cryptage RH&nbsp;&#8211; BFM TV<br><strong><span style=\"color:#2f45b4\" class=\"has-inline-color\">Hauts potentiels en entreprise&nbsp;: comment tirer parti de leurs talents&nbsp;?<\/span><\/strong><\/h3>\n\n\n\n<p class=\"has-normal-font-size\"> <img loading=\"lazy\" decoding=\"async\" width=\"50\" height=\"50\" class=\"wp-image-452\" style=\"width: 50px;\" src=\"https:\/\/matierebleue.fr\/wp-content\/uploads\/2021\/11\/BFM_BUSINESS_default_16x9.jpg\" alt=\"\" srcset=\"https:\/\/matierebleue.fr\/wp-content\/uploads\/2021\/11\/BFM_BUSINESS_default_16x9.jpg 798w, https:\/\/matierebleue.fr\/wp-content\/uploads\/2021\/11\/BFM_BUSINESS_default_16x9-300x300.jpg 300w, https:\/\/matierebleue.fr\/wp-content\/uploads\/2021\/11\/BFM_BUSINESS_default_16x9-150x150.jpg 150w, https:\/\/matierebleue.fr\/wp-content\/uploads\/2021\/11\/BFM_BUSINESS_default_16x9-768x769.jpg 768w, https:\/\/matierebleue.fr\/wp-content\/uploads\/2021\/11\/BFM_BUSINESS_default_16x9-100x100.jpg 100w\" sizes=\"auto, (max-width: 50px) 100vw, 50px\" \/>  <a href=\"https:\/\/vimeo.com\/381681512\">Voi<\/a><a href=\"https:\/\/vimeo.com\/381681512\" target=\"_blank\" rel=\"noreferrer noopener\">r le replay de l&rsquo;\u00e9mission<\/a><\/p>\n","protected":false},"excerpt":{"rendered":"<p>Cr\u00e9er de la valeur en s&rsquo;appuyant sur la qualit\u00e9 du leadership et l&rsquo;intelligence collective Dans un environnement en permanente \u00e9volution, \u00e9largir sa vision et optimiser sa croissance passent par la qualit\u00e9 du management de ces catalyseurs d\u2019intelligence collective que sont les \u00ab hauts potentiels \u00bb.\u00a0 Comment attirer, d\u00e9velopper et b\u00e9n\u00e9ficier des atouts de ces talents &hellip; <\/p>\n<p class=\"link-more\"><a href=\"https:\/\/matierebleue.fr\/index.php\/ressources\/\" class=\"more-link\">Continuer la lecture<span class=\"screen-reader-text\"> de &laquo;&nbsp;Publications &#038; M\u00e9dias&nbsp;&raquo;<\/span><\/a><\/p>\n","protected":false},"author":1,"featured_media":0,"parent":0,"menu_order":0,"comment_status":"closed","ping_status":"closed","template":"","meta":{"footnotes":""},"class_list":["post-96","page","type-page","status-publish","hentry"],"yoast_head":"<!-- This site is optimized with the Yoast SEO plugin v23.5 - https:\/\/yoast.com\/wordpress\/plugins\/seo\/ -->\n<title>Publications &amp; M\u00e9dias - Mati\u00e8re bleue - Publications<\/title>\n<meta name=\"description\" content=\"Cr\u00e9ation de valeur, management des talents, leadership : les cl\u00e9s pour attirer, d\u00e9velopper et fid\u00e9liser les hauts potentiels.\" \/>\n<meta name=\"robots\" content=\"index, follow, max-snippet:-1, max-image-preview:large, max-video-preview:-1\" \/>\n<link rel=\"canonical\" href=\"https:\/\/matierebleue.fr\/index.php\/ressources\/\" \/>\n<meta property=\"og:locale\" content=\"fr_FR\" \/>\n<meta property=\"og:type\" content=\"article\" \/>\n<meta property=\"og:title\" content=\"Publications &amp; M\u00e9dias - Mati\u00e8re bleue - Publications\" \/>\n<meta property=\"og:description\" content=\"Cr\u00e9ation de valeur, management des talents, leadership : les cl\u00e9s pour attirer, d\u00e9velopper et fid\u00e9liser les hauts potentiels.\" \/>\n<meta property=\"og:url\" content=\"https:\/\/matierebleue.fr\/index.php\/ressources\/\" \/>\n<meta property=\"og:site_name\" content=\"Mati\u00e8re bleue\" \/>\n<meta property=\"article:modified_time\" content=\"2021-11-12T20:43:34+00:00\" \/>\n<meta property=\"og:image\" content=\"https:\/\/matierebleue.fr\/wp-content\/uploads\/2021\/11\/Livre-HP-DCF.png\" \/>\n<meta name=\"twitter:card\" content=\"summary_large_image\" \/>\n<meta name=\"twitter:label1\" content=\"Dur\u00e9e de lecture estim\u00e9e\" \/>\n\t<meta name=\"twitter:data1\" content=\"2 minutes\" \/>\n<script type=\"application\/ld+json\" class=\"yoast-schema-graph\">{\"@context\":\"https:\/\/schema.org\",\"@graph\":[{\"@type\":\"WebPage\",\"@id\":\"https:\/\/matierebleue.fr\/index.php\/ressources\/\",\"url\":\"https:\/\/matierebleue.fr\/index.php\/ressources\/\",\"name\":\"Publications & M\u00e9dias - Mati\u00e8re bleue - Publications\",\"isPartOf\":{\"@id\":\"https:\/\/matierebleue.fr\/#website\"},\"primaryImageOfPage\":{\"@id\":\"https:\/\/matierebleue.fr\/index.php\/ressources\/#primaryimage\"},\"image\":{\"@id\":\"https:\/\/matierebleue.fr\/index.php\/ressources\/#primaryimage\"},\"thumbnailUrl\":\"https:\/\/matierebleue.fr\/wp-content\/uploads\/2021\/11\/Livre-HP-DCF.png\",\"datePublished\":\"2019-07-17T17:43:10+00:00\",\"dateModified\":\"2021-11-12T20:43:34+00:00\",\"description\":\"Cr\u00e9ation de valeur, management des talents, leadership : les cl\u00e9s pour attirer, d\u00e9velopper et fid\u00e9liser les hauts potentiels.\",\"breadcrumb\":{\"@id\":\"https:\/\/matierebleue.fr\/index.php\/ressources\/#breadcrumb\"},\"inLanguage\":\"fr-FR\",\"potentialAction\":[{\"@type\":\"ReadAction\",\"target\":[\"https:\/\/matierebleue.fr\/index.php\/ressources\/\"]}]},{\"@type\":\"ImageObject\",\"inLanguage\":\"fr-FR\",\"@id\":\"https:\/\/matierebleue.fr\/index.php\/ressources\/#primaryimage\",\"url\":\"https:\/\/matierebleue.fr\/wp-content\/uploads\/2021\/11\/Livre-HP-DCF.png\",\"contentUrl\":\"https:\/\/matierebleue.fr\/wp-content\/uploads\/2021\/11\/Livre-HP-DCF.png\",\"width\":308,\"height\":406},{\"@type\":\"BreadcrumbList\",\"@id\":\"https:\/\/matierebleue.fr\/index.php\/ressources\/#breadcrumb\",\"itemListElement\":[{\"@type\":\"ListItem\",\"position\":1,\"name\":\"Accueil\",\"item\":\"https:\/\/matierebleue.fr\/\"},{\"@type\":\"ListItem\",\"position\":2,\"name\":\"Publications &#038; M\u00e9dias\"}]},{\"@type\":\"WebSite\",\"@id\":\"https:\/\/matierebleue.fr\/#website\",\"url\":\"https:\/\/matierebleue.fr\/\",\"name\":\"Mati\u00e8re bleue\",\"description\":\"Partenaire de votre croissance, facilitateur de votre transformation\",\"publisher\":{\"@id\":\"https:\/\/matierebleue.fr\/#organization\"},\"potentialAction\":[{\"@type\":\"SearchAction\",\"target\":{\"@type\":\"EntryPoint\",\"urlTemplate\":\"https:\/\/matierebleue.fr\/?s={search_term_string}\"},\"query-input\":{\"@type\":\"PropertyValueSpecification\",\"valueRequired\":true,\"valueName\":\"search_term_string\"}}],\"inLanguage\":\"fr-FR\"},{\"@type\":\"Organization\",\"@id\":\"https:\/\/matierebleue.fr\/#organization\",\"name\":\"Mati\u00e8re Bleue\",\"url\":\"https:\/\/matierebleue.fr\/\",\"logo\":{\"@type\":\"ImageObject\",\"inLanguage\":\"fr-FR\",\"@id\":\"https:\/\/matierebleue.fr\/#\/schema\/logo\/image\/\",\"url\":\"https:\/\/matierebleue.fr\/wp-content\/uploads\/2019\/07\/logoMB-blanc-1.png\",\"contentUrl\":\"https:\/\/matierebleue.fr\/wp-content\/uploads\/2019\/07\/logoMB-blanc-1.png\",\"width\":6114,\"height\":6014,\"caption\":\"Mati\u00e8re Bleue\"},\"image\":{\"@id\":\"https:\/\/matierebleue.fr\/#\/schema\/logo\/image\/\"}}]}<\/script>\n<!-- \/ Yoast SEO plugin. -->","yoast_head_json":{"title":"Publications & M\u00e9dias - Mati\u00e8re bleue - Publications","description":"Cr\u00e9ation de valeur, management des talents, leadership : les cl\u00e9s pour attirer, d\u00e9velopper et fid\u00e9liser les hauts potentiels.","robots":{"index":"index","follow":"follow","max-snippet":"max-snippet:-1","max-image-preview":"max-image-preview:large","max-video-preview":"max-video-preview:-1"},"canonical":"https:\/\/matierebleue.fr\/index.php\/ressources\/","og_locale":"fr_FR","og_type":"article","og_title":"Publications & M\u00e9dias - Mati\u00e8re bleue - Publications","og_description":"Cr\u00e9ation de valeur, management des talents, leadership : les cl\u00e9s pour attirer, d\u00e9velopper et fid\u00e9liser les hauts potentiels.","og_url":"https:\/\/matierebleue.fr\/index.php\/ressources\/","og_site_name":"Mati\u00e8re bleue","article_modified_time":"2021-11-12T20:43:34+00:00","og_image":[{"url":"https:\/\/matierebleue.fr\/wp-content\/uploads\/2021\/11\/Livre-HP-DCF.png"}],"twitter_card":"summary_large_image","twitter_misc":{"Dur\u00e9e de lecture estim\u00e9e":"2 minutes"},"schema":{"@context":"https:\/\/schema.org","@graph":[{"@type":"WebPage","@id":"https:\/\/matierebleue.fr\/index.php\/ressources\/","url":"https:\/\/matierebleue.fr\/index.php\/ressources\/","name":"Publications & M\u00e9dias - Mati\u00e8re bleue - Publications","isPartOf":{"@id":"https:\/\/matierebleue.fr\/#website"},"primaryImageOfPage":{"@id":"https:\/\/matierebleue.fr\/index.php\/ressources\/#primaryimage"},"image":{"@id":"https:\/\/matierebleue.fr\/index.php\/ressources\/#primaryimage"},"thumbnailUrl":"https:\/\/matierebleue.fr\/wp-content\/uploads\/2021\/11\/Livre-HP-DCF.png","datePublished":"2019-07-17T17:43:10+00:00","dateModified":"2021-11-12T20:43:34+00:00","description":"Cr\u00e9ation de valeur, management des talents, leadership : les cl\u00e9s pour attirer, d\u00e9velopper et fid\u00e9liser les hauts potentiels.","breadcrumb":{"@id":"https:\/\/matierebleue.fr\/index.php\/ressources\/#breadcrumb"},"inLanguage":"fr-FR","potentialAction":[{"@type":"ReadAction","target":["https:\/\/matierebleue.fr\/index.php\/ressources\/"]}]},{"@type":"ImageObject","inLanguage":"fr-FR","@id":"https:\/\/matierebleue.fr\/index.php\/ressources\/#primaryimage","url":"https:\/\/matierebleue.fr\/wp-content\/uploads\/2021\/11\/Livre-HP-DCF.png","contentUrl":"https:\/\/matierebleue.fr\/wp-content\/uploads\/2021\/11\/Livre-HP-DCF.png","width":308,"height":406},{"@type":"BreadcrumbList","@id":"https:\/\/matierebleue.fr\/index.php\/ressources\/#breadcrumb","itemListElement":[{"@type":"ListItem","position":1,"name":"Accueil","item":"https:\/\/matierebleue.fr\/"},{"@type":"ListItem","position":2,"name":"Publications &#038; M\u00e9dias"}]},{"@type":"WebSite","@id":"https:\/\/matierebleue.fr\/#website","url":"https:\/\/matierebleue.fr\/","name":"Mati\u00e8re bleue","description":"Partenaire de votre croissance, facilitateur de votre transformation","publisher":{"@id":"https:\/\/matierebleue.fr\/#organization"},"potentialAction":[{"@type":"SearchAction","target":{"@type":"EntryPoint","urlTemplate":"https:\/\/matierebleue.fr\/?s={search_term_string}"},"query-input":{"@type":"PropertyValueSpecification","valueRequired":true,"valueName":"search_term_string"}}],"inLanguage":"fr-FR"},{"@type":"Organization","@id":"https:\/\/matierebleue.fr\/#organization","name":"Mati\u00e8re Bleue","url":"https:\/\/matierebleue.fr\/","logo":{"@type":"ImageObject","inLanguage":"fr-FR","@id":"https:\/\/matierebleue.fr\/#\/schema\/logo\/image\/","url":"https:\/\/matierebleue.fr\/wp-content\/uploads\/2019\/07\/logoMB-blanc-1.png","contentUrl":"https:\/\/matierebleue.fr\/wp-content\/uploads\/2019\/07\/logoMB-blanc-1.png","width":6114,"height":6014,"caption":"Mati\u00e8re Bleue"},"image":{"@id":"https:\/\/matierebleue.fr\/#\/schema\/logo\/image\/"}}]}},"_links":{"self":[{"href":"https:\/\/matierebleue.fr\/index.php\/wp-json\/wp\/v2\/pages\/96","targetHints":{"allow":["GET"]}}],"collection":[{"href":"https:\/\/matierebleue.fr\/index.php\/wp-json\/wp\/v2\/pages"}],"about":[{"href":"https:\/\/matierebleue.fr\/index.php\/wp-json\/wp\/v2\/types\/page"}],"author":[{"embeddable":true,"href":"https:\/\/matierebleue.fr\/index.php\/wp-json\/wp\/v2\/users\/1"}],"replies":[{"embeddable":true,"href":"https:\/\/matierebleue.fr\/index.php\/wp-json\/wp\/v2\/comments?post=96"}],"version-history":[{"count":48,"href":"https:\/\/matierebleue.fr\/index.php\/wp-json\/wp\/v2\/pages\/96\/revisions"}],"predecessor-version":[{"id":468,"href":"https:\/\/matierebleue.fr\/index.php\/wp-json\/wp\/v2\/pages\/96\/revisions\/468"}],"wp:attachment":[{"href":"https:\/\/matierebleue.fr\/index.php\/wp-json\/wp\/v2\/media?parent=96"}],"curies":[{"name":"wp","href":"https:\/\/api.w.org\/{rel}","templated":true}]}}